{"id":2015,"date":"2021-04-29T15:45:04","date_gmt":"2021-04-29T13:45:04","guid":{"rendered":"https:\/\/new.touchofsoul.ch\/contact\/"},"modified":"2026-05-01T11:17:18","modified_gmt":"2026-05-01T09:17:18","slug":"contact","status":"publish","type":"page","link":"https:\/\/touchofsoul.ch\/fr\/contact\/","title":{"rendered":"contact"},"content":{"rendered":"\t\t<div data-elementor-type=\"wp-page\" data-elementor-id=\"2015\" class=\"elementor elementor-2015\" data-elementor-settings=\"{&quot;ha_cmc_init_switcher&quot;:&quot;no&quot;}\" data-elementor-post-type=\"page\">\n\t\t\t\t\t\t<section class=\"elementor-section elementor-top-section elementor-element elementor-element-23babdb elementor-section-height-full elementor-section-boxed elementor-section-height-default elementor-section-items-middle\" data-id=\"23babdb\" data-element_type=\"section\" data-e-type=\"section\" data-settings=\"{&quot;background_background&quot;:&quot;classic&quot;,&quot;_ha_eqh_enable&quot;:false}\">\n\t\t\t\t\t\t<div class=\"elementor-container elementor-column-gap-default\">\n\t\t\t\t\t<div class=\"elementor-column elementor-col-100 elementor-top-column elementor-element elementor-element-e945375\" data-id=\"e945375\" data-element_type=\"column\" data-e-type=\"column\" data-settings=\"{&quot;background_background&quot;:&quot;classic&quot;}\">\n\t\t\t<div class=\"elementor-widget-wrap elementor-element-populated\">\n\t\t\t\t\t\t<div class=\"elementor-element elementor-element-fecc86b elementor-widget elementor-widget-heading\" data-id=\"fecc86b\" data-element_type=\"widget\" data-e-type=\"widget\" data-widget_type=\"heading.default\">\n\t\t\t\t<div class=\"elementor-widget-container\">\n\t\t\t\t\t<h2 class=\"elementor-heading-title elementor-size-default\">CONTACT<\/h2>\t\t\t\t<\/div>\n\t\t\t\t<\/div>\n\t\t\t\t<div class=\"elementor-element elementor-element-9289266 elementor-widget elementor-widget-text-editor\" data-id=\"9289266\" data-element_type=\"widget\" data-e-type=\"widget\" data-widget_type=\"text-editor.default\">\n\t\t\t\t<div class=\"elementor-widget-container\">\n\t\t\t\t\t\t\t\t\t<h4><span class=\"pagelayer-phone\">T\u00e9l. 076 323 72 53<\/span><\/h4>\t\t\t\t\t\t\t\t<\/div>\n\t\t\t\t<\/div>\n\t\t\t\t<div class=\"elementor-element elementor-element-62135be elementor-button-align-stretch elementor-widget elementor-widget-form\" data-id=\"62135be\" data-element_type=\"widget\" data-e-type=\"widget\" data-settings=\"{&quot;step_next_label&quot;:&quot;Suivant&quot;,&quot;step_previous_label&quot;:&quot;Pr\\u00e9c\\u00e9dent&quot;,&quot;button_width&quot;:&quot;100&quot;,&quot;step_type&quot;:&quot;number_text&quot;,&quot;step_icon_shape&quot;:&quot;circle&quot;}\" data-widget_type=\"form.default\">\n\t\t\t\t<div class=\"elementor-widget-container\">\n\t\t\t\t\t\t\t<form class=\"elementor-form\" method=\"post\" name=\"f\" aria-label=\"f\">\n\t\t\t<input type=\"hidden\" name=\"post_id\" value=\"2015\"\/>\n\t\t\t<input type=\"hidden\" name=\"form_id\" value=\"62135be\"\/>\n\t\t\t<input type=\"hidden\" name=\"referer_title\" value=\"Touch of Soul - contact\" \/>\n\n\t\t\t\t\t\t\t<input type=\"hidden\" name=\"queried_id\" value=\"2015\"\/>\n\t\t\t\n\t\t\t<div class=\"elementor-form-fields-wrapper elementor-labels-above\">\n\t\t\t\t\t\t\t\t<div class=\"elementor-field-type-text elementor-field-group elementor-column elementor-field-group-name elementor-col-50\">\n\t\t\t\t\t\t\t\t\t\t\t\t<label for=\"form-field-name\" class=\"elementor-field-label\">\n\t\t\t\t\t\t\t\tPr\u00e9nom\t\t\t\t\t\t\t<\/label>\n\t\t\t\t\t\t\t\t\t\t\t\t\t\t<input size=\"1\" type=\"text\" name=\"form_fields[name]\" id=\"form-field-name\" class=\"elementor-field elementor-size-lg  elementor-field-textual\">\n\t\t\t\t\t\t\t\t\t\t\t<\/div>\n\t\t\t\t\t\t\t\t<div class=\"elementor-field-type-text elementor-field-group elementor-column elementor-field-group-field_39f5961 elementor-col-50\">\n\t\t\t\t\t\t\t\t\t\t\t\t<label for=\"form-field-field_39f5961\" class=\"elementor-field-label\">\n\t\t\t\t\t\t\t\tNom\t\t\t\t\t\t\t<\/label>\n\t\t\t\t\t\t\t\t\t\t\t\t\t\t<input size=\"1\" type=\"text\" name=\"form_fields[field_39f5961]\" id=\"form-field-field_39f5961\" class=\"elementor-field elementor-size-lg  elementor-field-textual\">\n\t\t\t\t\t\t\t\t\t\t\t<\/div>\n\t\t\t\t\t\t\t\t<div class=\"elementor-field-type-text\">\n\t\t\t\t\t<input size=\"1\" type=\"text\" name=\"form_fields[field_a3a79df]\" id=\"form-field-field_a3a79df\" class=\"elementor-field elementor-size-lg \" style=\"display:none !important;\">\t\t\t\t<\/div>\n\t\t\t\t\t\t\t\t<div class=\"elementor-field-type-email elementor-field-group elementor-column elementor-field-group-email elementor-col-100 elementor-field-required\">\n\t\t\t\t\t\t\t\t\t\t\t\t<label for=\"form-field-email\" class=\"elementor-field-label\">\n\t\t\t\t\t\t\t\tE-mail\t\t\t\t\t\t\t<\/label>\n\t\t\t\t\t\t\t\t\t\t\t\t\t\t<input size=\"1\" type=\"email\" name=\"form_fields[email]\" id=\"form-field-email\" class=\"elementor-field elementor-size-lg  elementor-field-textual\" required=\"required\">\n\t\t\t\t\t\t\t\t\t\t\t<\/div>\n\t\t\t\t\t\t\t\t<div class=\"elementor-field-type-textarea elementor-field-group elementor-column elementor-field-group-message elementor-col-100\">\n\t\t\t\t\t\t\t\t\t\t\t\t<label for=\"form-field-message\" class=\"elementor-field-label\">\n\t\t\t\t\t\t\t\tMessage\t\t\t\t\t\t\t<\/label>\n\t\t\t\t\t\t<textarea class=\"elementor-field-textual elementor-field  elementor-size-lg\" name=\"form_fields[message]\" id=\"form-field-message\" rows=\"4\"><\/textarea>\t\t\t\t<\/div>\n\t\t\t\t\t\t\t\t<div class=\"elementor-field-group elementor-column elementor-field-type-submit elementor-col-100 e-form__buttons\">\n\t\t\t\t\t<button class=\"elementor-button elementor-size-sm\" type=\"submit\">\n\t\t\t\t\t\t<span class=\"elementor-button-content-wrapper\">\n\t\t\t\t\t\t\t\t\t\t\t\t\t\t\t\t\t\t\t\t\t\t<span class=\"elementor-button-text\">ENVOYER<\/span>\n\t\t\t\t\t\t\t\t\t\t\t\t\t<\/span>\n\t\t\t\t\t<\/button>\n\t\t\t\t<\/div>\n\t\t\t<\/div>\n\t\t<\/form>\n\t\t\t\t\t\t<\/div>\n\t\t\t\t<\/div>\n\t\t\t\t\t<\/div>\n\t\t<\/div>\n\t\t\t\t\t<\/div>\n\t\t<\/section>\n\t\t\t\t<section class=\"elementor-section elementor-top-section elementor-element elementor-element-d5f3361 elementor-section-height-full elementor-section-boxed elementor-section-height-default elementor-section-items-middle\" data-id=\"d5f3361\" data-element_type=\"section\" data-e-type=\"section\" data-settings=\"{&quot;background_background&quot;:&quot;classic&quot;,&quot;_ha_eqh_enable&quot;:false}\">\n\t\t\t\t\t\t<div class=\"elementor-container elementor-column-gap-default\">\n\t\t\t\t\t<div class=\"elementor-column elementor-col-100 elementor-top-column elementor-element elementor-element-e77e546\" data-id=\"e77e546\" data-element_type=\"column\" data-e-type=\"column\" data-settings=\"{&quot;background_background&quot;:&quot;classic&quot;}\">\n\t\t\t<div class=\"elementor-widget-wrap elementor-element-populated\">\n\t\t\t\t\t\t<div class=\"elementor-element elementor-element-bd472bb elementor-widget elementor-widget-heading\" data-id=\"bd472bb\" data-element_type=\"widget\" data-e-type=\"widget\" data-widget_type=\"heading.default\">\n\t\t\t\t<div class=\"elementor-widget-container\">\n\t\t\t\t\t<h2 class=\"elementor-heading-title elementor-size-default\">COUP DE COEUR<\/h2>\t\t\t\t<\/div>\n\t\t\t\t<\/div>\n\t\t\t\t<div class=\"elementor-element elementor-element-3b5bdc3 elementor-widget elementor-widget-text-editor\" data-id=\"3b5bdc3\" data-element_type=\"widget\" data-e-type=\"widget\" data-widget_type=\"text-editor.default\">\n\t\t\t\t<div class=\"elementor-widget-container\">\n\t\t\t\t\t\t\t\t\t<div>Grand Rue 58, 2603 P\u00e9ry<\/div>\t\t\t\t\t\t\t\t<\/div>\n\t\t\t\t<\/div>\n\t\t\t\t<div class=\"elementor-element elementor-element-42c5b35 elementor-widget elementor-widget-google_maps\" data-id=\"42c5b35\" data-element_type=\"widget\" data-e-type=\"widget\" data-widget_type=\"google_maps.default\">\n\t\t\t\t<div class=\"elementor-widget-container\">\n\t\t\t\t\t\t\t<div class=\"elementor-custom-embed\">\n\t\t\t<iframe loading=\"lazy\"\n\t\t\t\t\tsrc=\"https:\/\/maps.google.com\/maps?q=Grand-Rue%2058%2C%20P%C3%A9ry&#038;t=m&#038;z=11&#038;output=embed&#038;iwloc=near\"\n\t\t\t\t\ttitle=\"Grand-Rue 58, P\u00e9ry\"\n\t\t\t\t\taria-label=\"Grand-Rue 58, P\u00e9ry\"\n\t\t\t><\/iframe>\n\t\t<\/div>\n\t\t\t\t\t\t<\/div>\n\t\t\t\t<\/div>\n\t\t\t\t\t<\/div>\n\t\t<\/div>\n\t\t\t\t\t<\/div>\n\t\t<\/section>\n\t\t\t\t<section class=\"elementor-section elementor-top-section elementor-element elementor-element-c110f8e elementor-section-height-full elementor-section-boxed elementor-section-height-default elementor-section-items-middle\" data-id=\"c110f8e\" data-element_type=\"section\" data-e-type=\"section\" data-settings=\"{&quot;background_background&quot;:&quot;classic&quot;,&quot;_ha_eqh_enable&quot;:false}\">\n\t\t\t\t\t\t<div class=\"elementor-container elementor-column-gap-default\">\n\t\t\t\t\t<div class=\"elementor-column elementor-col-100 elementor-top-column elementor-element elementor-element-695e0df\" data-id=\"695e0df\" data-element_type=\"column\" data-e-type=\"column\" data-settings=\"{&quot;background_background&quot;:&quot;classic&quot;}\">\n\t\t\t<div class=\"elementor-widget-wrap elementor-element-populated\">\n\t\t\t\t\t\t<div class=\"elementor-element elementor-element-faf78cf elementor-widget elementor-widget-heading\" data-id=\"faf78cf\" data-element_type=\"widget\" data-e-type=\"widget\" data-widget_type=\"heading.default\">\n\t\t\t\t<div class=\"elementor-widget-container\">\n\t\t\t\t\t<h2 class=\"elementor-heading-title elementor-size-default\">CABINET<\/h2>\t\t\t\t<\/div>\n\t\t\t\t<\/div>\n\t\t\t\t<div class=\"elementor-element elementor-element-4af8799 elementor-widget elementor-widget-text-editor\" data-id=\"4af8799\" data-element_type=\"widget\" data-e-type=\"widget\" data-widget_type=\"text-editor.default\">\n\t\t\t\t<div class=\"elementor-widget-container\">\n\t\t\t\t\t\t\t\t\t<div>Quai du Bas 23, 2502 Bienne<br \/><a href=\"https:\/\/www.aufildeleau-biel.ch\/fr\/qui-sommes-nous\/\" target=\"_blank\" rel=\"noopener\">aufildeleau-biel.ch<\/a><\/div>\t\t\t\t\t\t\t\t<\/div>\n\t\t\t\t<\/div>\n\t\t\t\t<div class=\"elementor-element elementor-element-9a1d20d elementor-widget elementor-widget-google_maps\" data-id=\"9a1d20d\" data-element_type=\"widget\" data-e-type=\"widget\" data-widget_type=\"google_maps.default\">\n\t\t\t\t<div class=\"elementor-widget-container\">\n\t\t\t\t\t\t\t<div class=\"elementor-custom-embed\">\n\t\t\t<iframe loading=\"lazy\"\n\t\t\t\t\tsrc=\"https:\/\/maps.google.com\/maps?q=Unterer%20Quai%2023%2C%202502%20Bienne%20&#038;t=m&#038;z=11&#038;output=embed&#038;iwloc=near\"\n\t\t\t\t\ttitle=\"Unterer Quai 23, 2502 Bienne \"\n\t\t\t\t\taria-label=\"Unterer Quai 23, 2502 Bienne \"\n\t\t\t><\/iframe>\n\t\t<\/div>\n\t\t\t\t\t\t<\/div>\n\t\t\t\t<\/div>\n\t\t\t\t\t<\/div>\n\t\t<\/div>\n\t\t\t\t\t<\/div>\n\t\t<\/section>\n\t\t\t\t<\/div>\n\t\t","protected":false},"excerpt":{"rendered":"<p>CONTACT T\u00e9l. 076 323 72 53 COUP DE COEUR Grand Rue 58, 2603 P\u00e9ry CABINET Quai du Bas 23, 2502 Bienneaufildeleau-biel.ch<\/p>\n","protected":false},"author":2,"featured_media":0,"parent":0,"menu_order":0,"comment_status":"closed","ping_status":"closed","template":"","meta":{"footnotes":""},"class_list":["post-2015","page","type-page","status-publish","hentry"],"yoast_head":"<!-- This site is optimized with the Yoast SEO plugin v27.5 - https:\/\/yoast.com\/product\/yoast-seo-wordpress\/ -->\n<title>Touch of Soul - contact<\/title>\n<meta name=\"description\" content=\"Grand Rue 58, 2603 P\u00e9ry ou Cabinet \u00e0 Bienne, Quai du Bas 23, Bienne | info@touchofsoul.ch | T\u00e9l. 032 333 22 12\" \/>\n<meta name=\"robots\" content=\"index, follow, max-snippet:-1, max-image-preview:large, max-video-preview:-1\" \/>\n<link rel=\"canonical\" href=\"https:\/\/touchofsoul.ch\/fr\/contact\/\" \/>\n<meta property=\"og:locale\" content=\"fr_FR\" \/>\n<meta property=\"og:type\" content=\"article\" \/>\n<meta property=\"og:title\" content=\"Contact\" \/>\n<meta property=\"og:description\" content=\"Grand Rue 58, 2603 P\u00e9ry ou Cabinet \u00e0 Bienne, Quai du Bas 23, Bienne | info@touchofsoul.ch | T\u00e9l. 032 333 22 12\" \/>\n<meta property=\"og:url\" content=\"https:\/\/touchofsoul.ch\/fr\/contact\/\" \/>\n<meta property=\"og:site_name\" content=\"Touch of Soul\" \/>\n<meta property=\"article:publisher\" content=\"https:\/\/www.facebook.com\/mariannspoerri\/\" \/>\n<meta property=\"article:modified_time\" content=\"2026-05-01T09:17:18+00:00\" \/>\n<meta property=\"og:image\" content=\"https:\/\/touchofsoul.ch\/wp-content\/uploads\/2021\/07\/pery-3.jpg\" \/>\n\t<meta property=\"og:image:width\" content=\"1024\" \/>\n\t<meta property=\"og:image:height\" content=\"768\" \/>\n\t<meta property=\"og:image:type\" content=\"image\/jpeg\" \/>\n<meta name=\"twitter:card\" content=\"summary_large_image\" \/>\n<meta name=\"twitter:title\" content=\"Contact\" \/>\n<meta name=\"twitter:image\" content=\"https:\/\/touchofsoul.ch\/wp-content\/uploads\/2021\/07\/pery-3.jpg\" \/>\n<meta name=\"twitter:label1\" content=\"Dur\u00e9e de lecture estim\u00e9e\" \/>\n\t<meta name=\"twitter:data1\" content=\"1 minute\" \/>\n<script type=\"application\/ld+json\" class=\"yoast-schema-graph\">{\"@context\":\"https:\\\/\\\/schema.org\",\"@graph\":[{\"@type\":\"WebPage\",\"@id\":\"https:\\\/\\\/touchofsoul.ch\\\/fr\\\/contact\\\/\",\"url\":\"https:\\\/\\\/touchofsoul.ch\\\/fr\\\/contact\\\/\",\"name\":\"Touch of Soul - contact\",\"isPartOf\":{\"@id\":\"https:\\\/\\\/touchofsoul.ch\\\/fr\\\/#website\"},\"datePublished\":\"2021-04-29T13:45:04+00:00\",\"dateModified\":\"2026-05-01T09:17:18+00:00\",\"description\":\"Grand Rue 58, 2603 P\u00e9ry ou Cabinet \u00e0 Bienne, Quai du Bas 23, Bienne | info@touchofsoul.ch | T\u00e9l. 032 333 22 12\",\"breadcrumb\":{\"@id\":\"https:\\\/\\\/touchofsoul.ch\\\/fr\\\/contact\\\/#breadcrumb\"},\"inLanguage\":\"fr-FR\",\"potentialAction\":[{\"@type\":\"ReadAction\",\"target\":[\"https:\\\/\\\/touchofsoul.ch\\\/fr\\\/contact\\\/\"]}]},{\"@type\":\"BreadcrumbList\",\"@id\":\"https:\\\/\\\/touchofsoul.ch\\\/fr\\\/contact\\\/#breadcrumb\",\"itemListElement\":[{\"@type\":\"ListItem\",\"position\":1,\"name\":\"Startseite\",\"item\":\"https:\\\/\\\/touchofsoul.ch\\\/fr\\\/\"},{\"@type\":\"ListItem\",\"position\":2,\"name\":\"contact\"}]},{\"@type\":\"WebSite\",\"@id\":\"https:\\\/\\\/touchofsoul.ch\\\/fr\\\/#website\",\"url\":\"https:\\\/\\\/touchofsoul.ch\\\/fr\\\/\",\"name\":\"Touch of Soul - Mariann Ruhana Sp\u00f6rri\",\"description\":\"Mariann-Ruhana Sp\u00f6rri\",\"publisher\":{\"@id\":\"https:\\\/\\\/touchofsoul.ch\\\/fr\\\/#\\\/schema\\\/person\\\/0961a5dfb69cabdc7eb277425de3789a\"},\"potentialAction\":[{\"@type\":\"SearchAction\",\"target\":{\"@type\":\"EntryPoint\",\"urlTemplate\":\"https:\\\/\\\/touchofsoul.ch\\\/fr\\\/?s={search_term_string}\"},\"query-input\":{\"@type\":\"PropertyValueSpecification\",\"valueRequired\":true,\"valueName\":\"search_term_string\"}}],\"inLanguage\":\"fr-FR\"},{\"@type\":[\"Person\",\"Organization\"],\"@id\":\"https:\\\/\\\/touchofsoul.ch\\\/fr\\\/#\\\/schema\\\/person\\\/0961a5dfb69cabdc7eb277425de3789a\",\"name\":\"TouchOfSoul\",\"image\":{\"@type\":\"ImageObject\",\"inLanguage\":\"fr-FR\",\"@id\":\"https:\\\/\\\/touchofsoul.ch\\\/wp-content\\\/uploads\\\/2023\\\/01\\\/P7230312.jpg\",\"url\":\"https:\\\/\\\/touchofsoul.ch\\\/wp-content\\\/uploads\\\/2023\\\/01\\\/P7230312.jpg\",\"contentUrl\":\"https:\\\/\\\/touchofsoul.ch\\\/wp-content\\\/uploads\\\/2023\\\/01\\\/P7230312.jpg\",\"width\":750,\"height\":1000,\"caption\":\"TouchOfSoul\"},\"logo\":{\"@id\":\"https:\\\/\\\/touchofsoul.ch\\\/wp-content\\\/uploads\\\/2023\\\/01\\\/P7230312.jpg\"},\"sameAs\":[\"https:\\\/\\\/www.facebook.com\\\/mariannspoerri\\\/\"]}]}<\/script>\n<!-- \/ Yoast SEO plugin. -->","yoast_head_json":{"title":"Touch of Soul - contact","description":"Grand Rue 58, 2603 P\u00e9ry ou Cabinet \u00e0 Bienne, Quai du Bas 23, Bienne | info@touchofsoul.ch | T\u00e9l. 032 333 22 12","robots":{"index":"index","follow":"follow","max-snippet":"max-snippet:-1","max-image-preview":"max-image-preview:large","max-video-preview":"max-video-preview:-1"},"canonical":"https:\/\/touchofsoul.ch\/fr\/contact\/","og_locale":"fr_FR","og_type":"article","og_title":"Contact","og_description":"Grand Rue 58, 2603 P\u00e9ry ou Cabinet \u00e0 Bienne, Quai du Bas 23, Bienne | info@touchofsoul.ch | T\u00e9l. 032 333 22 12","og_url":"https:\/\/touchofsoul.ch\/fr\/contact\/","og_site_name":"Touch of Soul","article_publisher":"https:\/\/www.facebook.com\/mariannspoerri\/","article_modified_time":"2026-05-01T09:17:18+00:00","og_image":[{"width":1024,"height":768,"url":"https:\/\/touchofsoul.ch\/wp-content\/uploads\/2021\/07\/pery-3.jpg","type":"image\/jpeg"}],"twitter_card":"summary_large_image","twitter_title":"Contact","twitter_image":"https:\/\/touchofsoul.ch\/wp-content\/uploads\/2021\/07\/pery-3.jpg","twitter_misc":{"Dur\u00e9e de lecture estim\u00e9e":"1 minute"},"schema":{"@context":"https:\/\/schema.org","@graph":[{"@type":"WebPage","@id":"https:\/\/touchofsoul.ch\/fr\/contact\/","url":"https:\/\/touchofsoul.ch\/fr\/contact\/","name":"Touch of Soul - contact","isPartOf":{"@id":"https:\/\/touchofsoul.ch\/fr\/#website"},"datePublished":"2021-04-29T13:45:04+00:00","dateModified":"2026-05-01T09:17:18+00:00","description":"Grand Rue 58, 2603 P\u00e9ry ou Cabinet \u00e0 Bienne, Quai du Bas 23, Bienne | info@touchofsoul.ch | T\u00e9l. 032 333 22 12","breadcrumb":{"@id":"https:\/\/touchofsoul.ch\/fr\/contact\/#breadcrumb"},"inLanguage":"fr-FR","potentialAction":[{"@type":"ReadAction","target":["https:\/\/touchofsoul.ch\/fr\/contact\/"]}]},{"@type":"BreadcrumbList","@id":"https:\/\/touchofsoul.ch\/fr\/contact\/#breadcrumb","itemListElement":[{"@type":"ListItem","position":1,"name":"Startseite","item":"https:\/\/touchofsoul.ch\/fr\/"},{"@type":"ListItem","position":2,"name":"contact"}]},{"@type":"WebSite","@id":"https:\/\/touchofsoul.ch\/fr\/#website","url":"https:\/\/touchofsoul.ch\/fr\/","name":"Touch of Soul - Mariann Ruhana Sp\u00f6rri","description":"Mariann-Ruhana Sp\u00f6rri","publisher":{"@id":"https:\/\/touchofsoul.ch\/fr\/#\/schema\/person\/0961a5dfb69cabdc7eb277425de3789a"},"potentialAction":[{"@type":"SearchAction","target":{"@type":"EntryPoint","urlTemplate":"https:\/\/touchofsoul.ch\/fr\/?s={search_term_string}"},"query-input":{"@type":"PropertyValueSpecification","valueRequired":true,"valueName":"search_term_string"}}],"inLanguage":"fr-FR"},{"@type":["Person","Organization"],"@id":"https:\/\/touchofsoul.ch\/fr\/#\/schema\/person\/0961a5dfb69cabdc7eb277425de3789a","name":"TouchOfSoul","image":{"@type":"ImageObject","inLanguage":"fr-FR","@id":"https:\/\/touchofsoul.ch\/wp-content\/uploads\/2023\/01\/P7230312.jpg","url":"https:\/\/touchofsoul.ch\/wp-content\/uploads\/2023\/01\/P7230312.jpg","contentUrl":"https:\/\/touchofsoul.ch\/wp-content\/uploads\/2023\/01\/P7230312.jpg","width":750,"height":1000,"caption":"TouchOfSoul"},"logo":{"@id":"https:\/\/touchofsoul.ch\/wp-content\/uploads\/2023\/01\/P7230312.jpg"},"sameAs":["https:\/\/www.facebook.com\/mariannspoerri\/"]}]}},"_links":{"self":[{"href":"https:\/\/touchofsoul.ch\/fr\/wp-json\/wp\/v2\/pages\/2015","targetHints":{"allow":["GET"]}}],"collection":[{"href":"https:\/\/touchofsoul.ch\/fr\/wp-json\/wp\/v2\/pages"}],"about":[{"href":"https:\/\/touchofsoul.ch\/fr\/wp-json\/wp\/v2\/types\/page"}],"author":[{"embeddable":true,"href":"https:\/\/touchofsoul.ch\/fr\/wp-json\/wp\/v2\/users\/2"}],"replies":[{"embeddable":true,"href":"https:\/\/touchofsoul.ch\/fr\/wp-json\/wp\/v2\/comments?post=2015"}],"version-history":[{"count":32,"href":"https:\/\/touchofsoul.ch\/fr\/wp-json\/wp\/v2\/pages\/2015\/revisions"}],"predecessor-version":[{"id":2874,"href":"https:\/\/touchofsoul.ch\/fr\/wp-json\/wp\/v2\/pages\/2015\/revisions\/2874"}],"wp:attachment":[{"href":"https:\/\/touchofsoul.ch\/fr\/wp-json\/wp\/v2\/media?parent=2015"}],"curies":[{"name":"wp","href":"https:\/\/api.w.org\/{rel}","templated":true}]}}